{"id":459,"date":"2022-04-12T22:23:16","date_gmt":"2022-04-12T21:23:16","guid":{"rendered":"https:\/\/bambiniaz.de\/?page_id=459"},"modified":"2022-04-12T22:47:06","modified_gmt":"2022-04-12T21:47:06","slug":"home","status":"publish","type":"page","link":"https:\/\/bambiniaz.de\/","title":{"rendered":"Home"},"content":{"rendered":"\n<p class=\"has-text-align-center has-x-large-font-size\" style=\"font-style:normal;font-weight:200\">HERZLICH WILLKOMMEN<\/p>\n\n\n\n<div style=\"height:20px\" aria-hidden=\"true\" class=\"wp-block-spacer\"><\/div>\n\n\n\n<div class=\"wp-block-image is-style-default\"><figure class=\"aligncenter size-large\"><img loading=\"lazy\" width=\"1024\" height=\"272\" src=\"https:\/\/bambiniaz.de\/wp-content\/uploads\/2022\/04\/cropped-cropped-Gutschein-Rueckseite-neu-2020_03_31-10_19_43-UTC-Kopie-1024x272.png\" alt=\"\" class=\"wp-image-382\" srcset=\"https:\/\/bambiniaz.de\/wp-content\/uploads\/2022\/04\/cropped-cropped-Gutschein-Rueckseite-neu-2020_03_31-10_19_43-UTC-Kopie-1024x272.png 1024w, https:\/\/bambiniaz.de\/wp-content\/uploads\/2022\/04\/cropped-cropped-Gutschein-Rueckseite-neu-2020_03_31-10_19_43-UTC-Kopie-300x80.png 300w, https:\/\/bambiniaz.de\/wp-content\/uploads\/2022\/04\/cropped-cropped-Gutschein-Rueckseite-neu-2020_03_31-10_19_43-UTC-Kopie-768x204.png 768w, https:\/\/bambiniaz.de\/wp-content\/uploads\/2022\/04\/cropped-cropped-Gutschein-Rueckseite-neu-2020_03_31-10_19_43-UTC-Kopie.png 1497w\" sizes=\"(max-width: 1024px) 100vw, 1024px\" \/><\/figure><\/div>\n\n\n\n<div style=\"height:100px\" aria-hidden=\"true\" class=\"wp-block-spacer\"><\/div>\n\n\n\n<p class=\"has-text-align-center\" style=\"font-size:18px;font-style:normal;font-weight:200\">Bei uns finden Sie eine gro\u00dfe Auswahl an Kinder- und Jugendspielen sowie die beliebten tonies\u00ae, B\u00fccher, spannendes Babyspielzeug, Kuscheltiere und vieles mehr.<\/p>\n\n\n\n<div style=\"height:110px\" aria-hidden=\"true\" class=\"wp-block-spacer\"><\/div>\n\n\n\n<p class=\"has-text-align-center\" style=\"font-size:18px;font-style:normal;font-weight:200\">Wir stehen Ihnen gerne mit pers\u00f6nliche Empfehlungen, individuelle Anregungen und Beratungen zur Seite.<\/p>\n\n\n\n<div style=\"height:170px\" aria-hidden=\"true\" class=\"wp-block-spacer\"><\/div>\n\n\n\n<div class=\"wp-block-columns\">\n<div class=\"wp-block-column\">\n<p class=\"has-text-align-center\" style=\"font-size:16px;font-style:normal;font-weight:300\">Adresse<\/p>\n\n\n\n<p class=\"has-text-align-center\" style=\"font-size:16px;font-style:normal;font-weight:300\">Winkelg\u00e4\u00dfchen 2<br>55232 Alzey<\/p>\n<\/div>\n\n\n\n<div class=\"wp-block-column\">\n<p class=\"has-text-align-center\" style=\"font-size:16px;font-style:normal;font-weight:300\">\u00d6ffnungszeiten<\/p>\n\n\n\n<p class=\"has-text-align-center\" style=\"font-size:16px;font-style:normal;font-weight:300\">Mo.&nbsp;\u2013 Fr. | 9:30 \u2013 18:00 Uhr<br>Samstag | 9.30 \u2013 13:00 Uhr<\/p>\n<\/div>\n\n\n\n<div class=\"wp-block-column\">\n<p class=\"has-text-align-center\" style=\"font-size:16px;font-style:normal;font-weight:300\">Kontakt<\/p>\n\n\n\n<p class=\"has-text-align-center\" style=\"font-size:16px;font-style:normal;font-weight:300\">Telefon: 06731 \u2013 97788<br>E-Mail: bambiniaz@gmx.de<\/p>\n<\/div>\n<\/div>\n\n\n\n<div style=\"height:80px\" aria-hidden=\"true\" class=\"wp-block-spacer\"><\/div>\n\n\n\n<div class=\"wp-container-4 wp-block-group\"><div class=\"wp-block-group__inner-container\">\n<div class=\"wp-block-columns\">\n<div class=\"wp-block-column is-vertically-aligned-top\">\n<div class=\"wp-container-1 wp-block-group\"><div class=\"wp-block-group__inner-container\">\n<figure class=\"wp-block-image size-large is-style-default\"><img loading=\"lazy\" width=\"875\" height=\"1024\" src=\"https:\/\/bambiniaz.de\/wp-content\/uploads\/2022\/04\/20200324_183503-875x1024.png\" alt=\"\" class=\"wp-image-472\" srcset=\"https:\/\/bambiniaz.de\/wp-content\/uploads\/2022\/04\/20200324_183503-875x1024.png 875w, https:\/\/bambiniaz.de\/wp-content\/uploads\/2022\/04\/20200324_183503-256x300.png 256w, https:\/\/bambiniaz.de\/wp-content\/uploads\/2022\/04\/20200324_183503-768x899.png 768w, https:\/\/bambiniaz.de\/wp-content\/uploads\/2022\/04\/20200324_183503-1312x1536.png 1312w, https:\/\/bambiniaz.de\/wp-content\/uploads\/2022\/04\/20200324_183503-1749x2048.png 1749w\" sizes=\"(max-width: 875px) 100vw, 875px\" \/><\/figure>\n<\/div><\/div>\n<\/div>\n\n\n\n<div class=\"wp-block-column is-vertically-aligned-top\">\n<div class=\"wp-container-2 wp-block-group\"><div class=\"wp-block-group__inner-container\">\n<figure class=\"wp-block-image size-large is-style-default\"><img loading=\"lazy\" width=\"881\" height=\"1024\" src=\"https:\/\/bambiniaz.de\/wp-content\/uploads\/2022\/04\/D0BA2188-37AF-4366-AD9C-D45B64DE1DBF_1_105_c-881x1024.png\" alt=\"\" class=\"wp-image-473\" srcset=\"https:\/\/bambiniaz.de\/wp-content\/uploads\/2022\/04\/D0BA2188-37AF-4366-AD9C-D45B64DE1DBF_1_105_c-881x1024.png 881w, https:\/\/bambiniaz.de\/wp-content\/uploads\/2022\/04\/D0BA2188-37AF-4366-AD9C-D45B64DE1DBF_1_105_c-258x300.png 258w, https:\/\/bambiniaz.de\/wp-content\/uploads\/2022\/04\/D0BA2188-37AF-4366-AD9C-D45B64DE1DBF_1_105_c-768x892.png 768w, https:\/\/bambiniaz.de\/wp-content\/uploads\/2022\/04\/D0BA2188-37AF-4366-AD9C-D45B64DE1DBF_1_105_c-1322x1536.png 1322w, https:\/\/bambiniaz.de\/wp-content\/uploads\/2022\/04\/D0BA2188-37AF-4366-AD9C-D45B64DE1DBF_1_105_c-1763x2048.png 1763w\" sizes=\"(max-width: 881px) 100vw, 881px\" \/><\/figure>\n<\/div><\/div>\n<\/div>\n\n\n\n<div class=\"wp-block-column is-vertically-aligned-top\">\n<div class=\"wp-container-3 wp-block-group\"><div class=\"wp-block-group__inner-container\">\n<figure class=\"wp-block-image size-large is-style-default\"><img loading=\"lazy\" width=\"881\" height=\"1024\" src=\"https:\/\/bambiniaz.de\/wp-content\/uploads\/2022\/04\/263A2D28-3EF7-411D-B821-983712D51E8C_1_105_c-881x1024.png\" alt=\"\" class=\"wp-image-474\" srcset=\"https:\/\/bambiniaz.de\/wp-content\/uploads\/2022\/04\/263A2D28-3EF7-411D-B821-983712D51E8C_1_105_c-881x1024.png 881w, https:\/\/bambiniaz.de\/wp-content\/uploads\/2022\/04\/263A2D28-3EF7-411D-B821-983712D51E8C_1_105_c-258x300.png 258w, https:\/\/bambiniaz.de\/wp-content\/uploads\/2022\/04\/263A2D28-3EF7-411D-B821-983712D51E8C_1_105_c-768x892.png 768w, https:\/\/bambiniaz.de\/wp-content\/uploads\/2022\/04\/263A2D28-3EF7-411D-B821-983712D51E8C_1_105_c-1322x1536.png 1322w, https:\/\/bambiniaz.de\/wp-content\/uploads\/2022\/04\/263A2D28-3EF7-411D-B821-983712D51E8C_1_105_c-1763x2048.png 1763w\" sizes=\"(max-width: 881px) 100vw, 881px\" \/><\/figure>\n<\/div><\/div>\n<\/div>\n<\/div>\n<\/div><\/div>\n\n\n\n<div style=\"height:80px\" aria-hidden=\"true\" class=\"wp-block-spacer\"><\/div>\n\n\n\n<h4 class=\"has-text-align-center\" style=\"font-style:normal;font-weight:200\">FOLLOW US<\/h4>\n\n\n\n<ul class=\"wp-container-5 wp-block-social-links has-icon-color has-icon-background-color\"><li style=\"color: #000000; background-color: #ffffff; \" class=\"wp-social-link wp-social-link-instagram wp-block-social-link\"><a href=\"https:\/\/www.instagram.com\/bambiniaz\/?hl=en\" aria-label=\"Instagram: https:\/\/www.instagram.com\/bambiniaz\/?hl=en\"  class=\"wp-block-social-link-anchor\"> <svg width=\"24\" height=\"24\" viewBox=\"0 0 24 24\" version=\"1.1\" xmlns=\"http:\/\/www.w3.org\/2000\/svg\" role=\"img\" aria-hidden=\"true\" focusable=\"false\"><path d=\"M12,4.622c2.403,0,2.688,0.009,3.637,0.052c0.877,0.04,1.354,0.187,1.671,0.31c0.42,0.163,0.72,0.358,1.035,0.673 c0.315,0.315,0.51,0.615,0.673,1.035c0.123,0.317,0.27,0.794,0.31,1.671c0.043,0.949,0.052,1.234,0.052,3.637 s-0.009,2.688-0.052,3.637c-0.04,0.877-0.187,1.354-0.31,1.671c-0.163,0.42-0.358,0.72-0.673,1.035 c-0.315,0.315-0.615,0.51-1.035,0.673c-0.317,0.123-0.794,0.27-1.671,0.31c-0.949,0.043-1.233,0.052-3.637,0.052 s-2.688-0.009-3.637-0.052c-0.877-0.04-1.354-0.187-1.671-0.31c-0.42-0.163-0.72-0.358-1.035-0.673 c-0.315-0.315-0.51-0.615-0.673-1.035c-0.123-0.317-0.27-0.794-0.31-1.671C4.631,14.688,4.622,14.403,4.622,12 s0.009-2.688,0.052-3.637c0.04-0.877,0.187-1.354,0.31-1.671c0.163-0.42,0.358-0.72,0.673-1.035 c0.315-0.315,0.615-0.51,1.035-0.673c0.317-0.123,0.794-0.27,1.671-0.31C9.312,4.631,9.597,4.622,12,4.622 M12,3 C9.556,3,9.249,3.01,8.289,3.054C7.331,3.098,6.677,3.25,6.105,3.472C5.513,3.702,5.011,4.01,4.511,4.511 c-0.5,0.5-0.808,1.002-1.038,1.594C3.25,6.677,3.098,7.331,3.054,8.289C3.01,9.249,3,9.556,3,12c0,2.444,0.01,2.751,0.054,3.711 c0.044,0.958,0.196,1.612,0.418,2.185c0.23,0.592,0.538,1.094,1.038,1.594c0.5,0.5,1.002,0.808,1.594,1.038 c0.572,0.222,1.227,0.375,2.185,0.418C9.249,20.99,9.556,21,12,21s2.751-0.01,3.711-0.054c0.958-0.044,1.612-0.196,2.185-0.418 c0.592-0.23,1.094-0.538,1.594-1.038c0.5-0.5,0.808-1.002,1.038-1.594c0.222-0.572,0.375-1.227,0.418-2.185 C20.99,14.751,21,14.444,21,12s-0.01-2.751-0.054-3.711c-0.044-0.958-0.196-1.612-0.418-2.185c-0.23-0.592-0.538-1.094-1.038-1.594 c-0.5-0.5-1.002-0.808-1.594-1.038c-0.572-0.222-1.227-0.375-2.185-0.418C14.751,3.01,14.444,3,12,3L12,3z M12,7.378 c-2.552,0-4.622,2.069-4.622,4.622S9.448,16.622,12,16.622s4.622-2.069,4.622-4.622S14.552,7.378,12,7.378z M12,15 c-1.657,0-3-1.343-3-3s1.343-3,3-3s3,1.343,3,3S13.657,15,12,15z M16.804,6.116c-0.596,0-1.08,0.484-1.08,1.08 s0.484,1.08,1.08,1.08c0.596,0,1.08-0.484,1.08-1.08S17.401,6.116,16.804,6.116z\"><\/path><\/svg><\/a><\/li>\n\n<li style=\"color: #000000; background-color: #ffffff; \" class=\"wp-social-link wp-social-link-facebook wp-block-social-link\"><a href=\"https:\/\/www.google.com\/url?sa=t&#038;rct=j&#038;q=&#038;esrc=s&#038;source=web&#038;cd=&#038;ved=2ahUKEwjm1s6Sn4_3AhWPyqQKHYDrAw0QFnoECAYQAQ&#038;url=https%3A%2F%2Fde-de.facebook.com%2Fbambiniaz&#038;usg=AOvVaw1O7OtJCc9HriXUT4YSMEWH\" aria-label=\"Facebook: https:\/\/www.google.com\/url?sa=t&amp;rct=j&amp;q=&amp;esrc=s&amp;source=web&amp;cd=&amp;ved=2ahUKEwjm1s6Sn4_3AhWPyqQKHYDrAw0QFnoECAYQAQ&amp;url=https%3A%2F%2Fde-de.facebook.com%2Fbambiniaz&amp;usg=AOvVaw1O7OtJCc9HriXUT4YSMEWH\"  class=\"wp-block-social-link-anchor\"> <svg width=\"24\" height=\"24\" viewBox=\"0 0 24 24\" version=\"1.1\" xmlns=\"http:\/\/www.w3.org\/2000\/svg\" role=\"img\" aria-hidden=\"true\" focusable=\"false\"><path d=\"M12 2C6.5 2 2 6.5 2 12c0 5 3.7 9.1 8.4 9.9v-7H7.9V12h2.5V9.8c0-2.5 1.5-3.9 3.8-3.9 1.1 0 2.2.2 2.2.2v2.5h-1.3c-1.2 0-1.6.8-1.6 1.6V12h2.8l-.4 2.9h-2.3v7C18.3 21.1 22 17 22 12c0-5.5-4.5-10-10-10z\"><\/path><\/svg><\/a><\/li><\/ul>\n\n\n\n<p><\/p>\n","protected":false},"excerpt":{"rendered":"<p>HERZLICH WILLKOMMEN Bei uns finden Sie eine gro\u00dfe Auswahl an Kinder- und Jugendspielen sowie die beliebten tonies\u00ae, B\u00fccher, spannendes Babyspielzeug, Kuscheltiere und vieles mehr. Wir stehen Ihnen gerne mit pers\u00f6nliche Empfehlungen, individuelle Anregungen und Beratungen zur Seite. Adresse Winkelg\u00e4\u00dfchen 255232 Alzey \u00d6ffnungszeiten Mo.&nbsp;\u2013 Fr. |&nbsp;<a class=\"read-more\" href=\"https:\/\/bambiniaz.de\/\">&hellip;<\/a><\/p>\n","protected":false},"author":1,"featured_media":0,"parent":0,"menu_order":0,"comment_status":"closed","ping_status":"closed","template":"template-full.php","meta":[],"_links":{"self":[{"href":"https:\/\/bambiniaz.de\/index.php?rest_route=\/wp\/v2\/pages\/459"}],"collection":[{"href":"https:\/\/bambiniaz.de\/index.php?rest_route=\/wp\/v2\/pages"}],"about":[{"href":"https:\/\/bambiniaz.de\/index.php?rest_route=\/wp\/v2\/types\/page"}],"author":[{"embeddable":true,"href":"https:\/\/bambiniaz.de\/index.php?rest_route=\/wp\/v2\/users\/1"}],"replies":[{"embeddable":true,"href":"https:\/\/bambiniaz.de\/index.php?rest_route=%2Fwp%2Fv2%2Fcomments&post=459"}],"version-history":[{"count":17,"href":"https:\/\/bambiniaz.de\/index.php?rest_route=\/wp\/v2\/pages\/459\/revisions"}],"predecessor-version":[{"id":494,"href":"https:\/\/bambiniaz.de\/index.php?rest_route=\/wp\/v2\/pages\/459\/revisions\/494"}],"wp:attachment":[{"href":"https:\/\/bambiniaz.de\/index.php?rest_route=%2Fwp%2Fv2%2Fmedia&parent=459"}],"curies":[{"name":"wp","href":"https:\/\/api.w.org\/{rel}","templated":true}]}}