{"id":243,"date":"2015-04-09T19:29:52","date_gmt":"2015-04-09T19:29:52","guid":{"rendered":"http:\/\/themes.muffingroup.com\/be\/handyman\/?page_id=21"},"modified":"2022-04-12T22:50:59","modified_gmt":"2022-04-12T21:50:59","slug":"contact","status":"publish","type":"page","link":"https:\/\/bambiniaz.de\/?page_id=243","title":{"rendered":"Kontakt &#038; Anfahrt\ufffc"},"content":{"rendered":"\n<div class=\"wp-block-columns\">\n<div class=\"wp-block-column is-vertically-aligned-center\">\n<p style=\"font-size:16px;font-style:normal;font-weight:300;text-transform:uppercase\">Kontakt<\/p>\n\n\n\n<p style=\"font-size:16px;font-style:normal;font-weight:200\">Telefon: 06731 &#8211; 97788<br>E-Mail: bambiniaz@gmx.de<\/p>\n\n\n\n<div style=\"height:20px\" aria-hidden=\"true\" class=\"wp-block-spacer\"><\/div>\n\n\n\n<p style=\"font-size:16px;font-style:normal;font-weight:300;text-transform:uppercase\">Adresse<\/p>\n\n\n\n<p style=\"font-size:16px;font-style:normal;font-weight:200\">Winkelg\u00e4\u00dfchen 2<br>55232 Alzey<\/p>\n\n\n\n<div style=\"height:20px\" aria-hidden=\"true\" class=\"wp-block-spacer\"><\/div>\n\n\n\n<p style=\"font-size:16px;font-style:normal;font-weight:300;text-transform:uppercase\">\u00d6ffnungszeiten<\/p>\n\n\n\n<p style=\"font-size:16px;font-style:normal;font-weight:200\">Mo.&nbsp;&#8211; Fr.  | 9:30 &#8211; 18:00 Uhr<br>Samstag | 9.30 &#8211; 13:00 Uhr<\/p>\n\n\n\n<div style=\"height:20px\" aria-hidden=\"true\" class=\"wp-block-spacer\"><\/div>\n\n\n\n<p style=\"font-size:16px;font-style:normal;font-weight:300;text-transform:uppercase\">Social Media<\/p>\n\n\n\n<p style=\"font-size:16px;font-style:normal;font-weight:200\"><a href=\"https:\/\/www.instagram.com\/bambiniaz\/?hl=en\" target=\"_blank\" rel=\"noreferrer noopener\">Instagram<\/a><br><a href=\"https:\/\/www.facebook.com\/bambiniaz\" target=\"_blank\" rel=\"noreferrer noopener\">Facebook<\/a><\/p>\n<\/div>\n\n\n\n<div class=\"wp-block-column is-vertically-aligned-center\"><div id=\"wpgmza_map\" class=\"wpgmza_map\" data-settings='{\"id\":\"1\",\"map_title\":\"Adresse\",\"map_width\":\"100\",\"map_height\":\"400\",\"map_start_lat\":\"49.74495816126347\",\"map_start_lng\":\"8.112509497936196\",\"map_start_location\":\"45.950464398418106,-109.81550500000003\",\"map_start_zoom\":\"18\",\"default_marker\":\"\",\"type\":\"1\",\"alignment\":\"4\",\"directions_enabled\":\"0\",\"styling_enabled\":\"0\",\"styling_json\":\"\",\"active\":\"0\",\"kml\":\"\",\"bicycle\":\"0\",\"traffic\":\"0\",\"dbox\":\"0\",\"dbox_width\":\"\",\"listmarkers\":\"0\",\"listmarkers_advanced\":\"0\",\"filterbycat\":\"0\",\"ugm_enabled\":\"0\",\"ugm_category_enabled\":\"0\",\"fusion\":\"\",\"map_width_type\":\"%\",\"map_height_type\":\"px\",\"mass_marker_support\":\"0\",\"ugm_access\":\"0\",\"order_markers_by\":\"0\",\"order_markers_choice\":\"0\",\"show_user_location\":\"0\",\"default_to\":\"\",\"other_settings\":{\"map_type\":1,\"sl_stroke_color\":\"\",\"sl_fill_color\":\"\",\"sl_stroke_opacity\":\"\",\"sl_fill_opacity\":\"\",\"transport_layer\":false,\"action\":\"wpgmza_save_map\",\"redirect_to\":\"\\\/wp-admin\\\/admin-post.php\",\"map_id\":\"1\",\"http_referer\":\"\\\/wp-admin\\\/admin.php?page=wp-google-maps-menu&amp;amp;override=1&amp;amp;action=edit&amp;amp;map_id=1\",\"wpgmza_id\":\"1\",\"wpgmza_start_location\":\"49.74495816126347,8.112509497936196\",\"wpgmza_start_zoom\":\"18\",\"store_locator_enabled\":false,\"store_locator_search_area\":\"radial\",\"wpgmza_store_locator_radius_style\":\"legacy\",\"wpgmza_store_locator_default_radius\":\"10\",\"store_locator_auto_area_max_zoom\":\"\",\"store_locator_distance\":false,\"wpgmza_store_locator_position\":false,\"store_locator_show_distance\":false,\"store_locator_category\":false,\"wpgmza_store_locator_use_their_location\":false,\"wpgmza_store_locator_bounce\":false,\"wpgmza_sl_animation\":null,\"wpgmza_store_locator_hide_before_search\":false,\"store_locator_query_string\":\"\",\"store_locator_default_address\":\"\",\"store_locator_name_search\":false,\"store_locator_name_string\":\"\",\"store_locator_not_found_message\":\"\",\"wpgmza_map_align\":\"1\",\"jump_to_nearest_marker_on_initialization\":false,\"automatically_pan_to_users_location\":false,\"override_users_location_zoom_level\":false,\"override_users_location_zoom_levels\":\"\",\"show_distance_from_location\":false,\"map_max_zoom\":\"21\",\"map_min_zoom\":\"0\",\"click_open_link\":false,\"fit_maps_bounds_to_markers\":false,\"fit_maps_bounds_to_markers_after_filtering\":false,\"hide_point_of_interest\":false,\"wpgmza_zoom_on_marker_click\":false,\"wpgmza_zoom_on_marker_click_slider\":\"\",\"close_infowindow_on_map_click\":false,\"disable_lightbox_images\":false,\"use_Raw_Jpeg_Coordinates\":false,\"disable_polygon_info_windows\":false,\"enable_marker_ratings\":false,\"only_load_markers_within_viewport\":false,\"iw_primary_color\":\"#000000\",\"iw_accent_color\":\"#000000\",\"iw_text_color\":\"#000000\",\"wpgmza_listmarkers_by\":\"0\",\"wpgmza_marker_listing_position\":false,\"zoom_level_on_marker_listing_override\":false,\"zoom_level_on_marker_listing_click\":\"\",\"datatable_no_result_message\":\"\",\"remove_search_box_datables\":false,\"dataTable_pagination_style\":null,\"datatable_search_string\":\"\",\"datatable_result_start\":\"\",\"datatable_result_of\":\"\",\"datatable_result_to\":\"\",\"datatable_result_total\":\"\",\"datatable_result_show\":\"\",\"datatable_result_entries\":\"\",\"wpgmza_savemap\":\"Karte speichern \\u00bb\",\"wpgmza_theme_data\":\"\",\"polygon_labels\":false,\"wpgmza_push_in_map\":false,\"wpgmza_push_in_map_placement\":null,\"wpgmza_push_in_map_width\":\"\",\"wpgmza_push_in_map_height\":\"\"}}' data-map-id='1' Data-maps-engine='open-layers' data-shortcode-attributes='{\"id\":\"1\"}' style=\"display:block; overflow:auto; width:100%; height:400px; float:left;\"><\/div><\/div>\n<\/div>\n\n\n\n<p><\/p>\n","protected":false},"excerpt":{"rendered":"<p>Kontakt Telefon: 06731 &#8211; 97788E-Mail: bambiniaz@gmx.de Adresse Winkelg\u00e4\u00dfchen 255232 Alzey \u00d6ffnungszeiten Mo.&nbsp;&#8211; Fr. | 9:30 &#8211; 18:00 UhrSamstag | 9.30 &#8211; 13:00 Uhr Social Media InstagramFacebook<\/p>\n","protected":false},"author":1,"featured_media":0,"parent":0,"menu_order":0,"comment_status":"closed","ping_status":"open","template":"template-full.php","meta":[],"_links":{"self":[{"href":"https:\/\/bambiniaz.de\/index.php?rest_route=\/wp\/v2\/pages\/243"}],"collection":[{"href":"https:\/\/bambiniaz.de\/index.php?rest_route=\/wp\/v2\/pages"}],"about":[{"href":"https:\/\/bambiniaz.de\/index.php?rest_route=\/wp\/v2\/types\/page"}],"author":[{"embeddable":true,"href":"https:\/\/bambiniaz.de\/index.php?rest_route=\/wp\/v2\/users\/1"}],"replies":[{"embeddable":true,"href":"https:\/\/bambiniaz.de\/index.php?rest_route=%2Fwp%2Fv2%2Fcomments&post=243"}],"version-history":[{"count":20,"href":"https:\/\/bambiniaz.de\/index.php?rest_route=\/wp\/v2\/pages\/243\/revisions"}],"predecessor-version":[{"id":498,"href":"https:\/\/bambiniaz.de\/index.php?rest_route=\/wp\/v2\/pages\/243\/revisions\/498"}],"wp:attachment":[{"href":"https:\/\/bambiniaz.de\/index.php?rest_route=%2Fwp%2Fv2%2Fmedia&parent=243"}],"curies":[{"name":"wp","href":"https:\/\/api.w.org\/{rel}","templated":true}]}}