{"id":241,"date":"2015-04-09T19:29:38","date_gmt":"2015-04-09T19:29:38","guid":{"rendered":"http:\/\/themes.muffingroup.com\/be\/handyman\/?page_id=19"},"modified":"2022-04-12T23:11:43","modified_gmt":"2022-04-12T22:11:43","slug":"about","status":"publish","type":"page","link":"https:\/\/bambiniaz.de\/?page_id=241","title":{"rendered":"Der Laden"},"content":{"rendered":"\n<div style=\"height:20px\" aria-hidden=\"true\" class=\"wp-block-spacer\"><\/div>\n\n\n\n<div class=\"wp-block-columns\">\n<div class=\"wp-block-column is-vertically-aligned-center\">\n<p style=\"font-size:16px;font-style:normal;font-weight:200\">Seit \u00fcber 30 Jahren gibt es unseren kleinen Laden im Herzen von Alzey. Lassen Sie sich in unserem Spielwarengesch\u00e4ft \u00fcberraschen. In jeder Ecke findet man etwas Besonderes.<\/p>\n\n\n\n<div style=\"height:20px\" aria-hidden=\"true\" class=\"wp-block-spacer\"><\/div>\n\n\n\n<p style=\"font-size:16px;font-style:normal;font-weight:200\">Wir beraten Sie gerne und freuen uns sehr auf Ihren Besuch.<\/p>\n<\/div>\n\n\n\n<div class=\"wp-block-column\">\n<figure class=\"wp-block-image size-full is-style-default\"><img loading=\"lazy\" width=\"992\" height=\"850\" src=\"https:\/\/bambiniaz.de\/wp-content\/uploads\/2015\/04\/IMG_20170609_190426_539-1-1.jpg\" alt=\"\" class=\"wp-image-360\" srcset=\"https:\/\/bambiniaz.de\/wp-content\/uploads\/2015\/04\/IMG_20170609_190426_539-1-1.jpg 992w, https:\/\/bambiniaz.de\/wp-content\/uploads\/2015\/04\/IMG_20170609_190426_539-1-1-300x257.jpg 300w, https:\/\/bambiniaz.de\/wp-content\/uploads\/2015\/04\/IMG_20170609_190426_539-1-1-768x658.jpg 768w, https:\/\/bambiniaz.de\/wp-content\/uploads\/2015\/04\/IMG_20170609_190426_539-1-1-170x146.jpg 170w, https:\/\/bambiniaz.de\/wp-content\/uploads\/2015\/04\/IMG_20170609_190426_539-1-1-50x43.jpg 50w, https:\/\/bambiniaz.de\/wp-content\/uploads\/2015\/04\/IMG_20170609_190426_539-1-1-88x75.jpg 88w\" sizes=\"(max-width: 992px) 100vw, 992px\" \/><\/figure>\n<\/div>\n<\/div>\n\n\n\n<div class=\"wp-block-columns\">\n<div class=\"wp-block-column\">\n<figure class=\"wp-block-image size-full is-style-default\"><img loading=\"lazy\" width=\"992\" height=\"850\" src=\"https:\/\/bambiniaz.de\/wp-content\/uploads\/2015\/04\/Screenshot_20170323-061018.jpg\" alt=\"\" class=\"wp-image-359\" srcset=\"https:\/\/bambiniaz.de\/wp-content\/uploads\/2015\/04\/Screenshot_20170323-061018.jpg 992w, https:\/\/bambiniaz.de\/wp-content\/uploads\/2015\/04\/Screenshot_20170323-061018-300x257.jpg 300w, https:\/\/bambiniaz.de\/wp-content\/uploads\/2015\/04\/Screenshot_20170323-061018-768x658.jpg 768w, https:\/\/bambiniaz.de\/wp-content\/uploads\/2015\/04\/Screenshot_20170323-061018-170x146.jpg 170w, https:\/\/bambiniaz.de\/wp-content\/uploads\/2015\/04\/Screenshot_20170323-061018-50x43.jpg 50w, https:\/\/bambiniaz.de\/wp-content\/uploads\/2015\/04\/Screenshot_20170323-061018-88x75.jpg 88w\" sizes=\"(max-width: 992px) 100vw, 992px\" \/><\/figure>\n<\/div>\n\n\n\n<div class=\"wp-block-column\">\n<figure class=\"wp-block-image size-full is-style-default\"><img loading=\"lazy\" width=\"992\" height=\"850\" src=\"https:\/\/bambiniaz.de\/wp-content\/uploads\/2015\/04\/Haba-1.jpg\" alt=\"\" class=\"wp-image-341\" srcset=\"https:\/\/bambiniaz.de\/wp-content\/uploads\/2015\/04\/Haba-1.jpg 992w, https:\/\/bambiniaz.de\/wp-content\/uploads\/2015\/04\/Haba-1-300x257.jpg 300w, https:\/\/bambiniaz.de\/wp-content\/uploads\/2015\/04\/Haba-1-768x658.jpg 768w, https:\/\/bambiniaz.de\/wp-content\/uploads\/2015\/04\/Haba-1-170x146.jpg 170w, https:\/\/bambiniaz.de\/wp-content\/uploads\/2015\/04\/Haba-1-50x43.jpg 50w, https:\/\/bambiniaz.de\/wp-content\/uploads\/2015\/04\/Haba-1-88x75.jpg 88w\" sizes=\"(max-width: 992px) 100vw, 992px\" \/><\/figure>\n<\/div>\n<\/div>\n","protected":false},"excerpt":{"rendered":"<p>Seit \u00fcber 30 Jahren gibt es unseren kleinen Laden im Herzen von Alzey. Lassen Sie sich in unserem Spielwarengesch\u00e4ft \u00fcberraschen. In jeder Ecke findet man etwas Besonderes. Wir beraten Sie gerne und freuen uns sehr auf Ihren Besuch.<\/p>\n","protected":false},"author":1,"featured_media":0,"parent":0,"menu_order":0,"comment_status":"closed","ping_status":"open","template":"template-full.php","meta":[],"_links":{"self":[{"href":"https:\/\/bambiniaz.de\/index.php?rest_route=\/wp\/v2\/pages\/241"}],"collection":[{"href":"https:\/\/bambiniaz.de\/index.php?rest_route=\/wp\/v2\/pages"}],"about":[{"href":"https:\/\/bambiniaz.de\/index.php?rest_route=\/wp\/v2\/types\/page"}],"author":[{"embeddable":true,"href":"https:\/\/bambiniaz.de\/index.php?rest_route=\/wp\/v2\/users\/1"}],"replies":[{"embeddable":true,"href":"https:\/\/bambiniaz.de\/index.php?rest_route=%2Fwp%2Fv2%2Fcomments&post=241"}],"version-history":[{"count":6,"href":"https:\/\/bambiniaz.de\/index.php?rest_route=\/wp\/v2\/pages\/241\/revisions"}],"predecessor-version":[{"id":524,"href":"https:\/\/bambiniaz.de\/index.php?rest_route=\/wp\/v2\/pages\/241\/revisions\/524"}],"wp:attachment":[{"href":"https:\/\/bambiniaz.de\/index.php?rest_route=%2Fwp%2Fv2%2Fmedia&parent=241"}],"curies":[{"name":"wp","href":"https:\/\/api.w.org\/{rel}","templated":true}]}}