{"id":23,"date":"2015-04-09T19:30:04","date_gmt":"2015-04-09T18:30:04","guid":{"rendered":"http:\/\/themes.muffingroup.com\/be\/handyman\/?page_id=23"},"modified":"2022-04-12T23:10:54","modified_gmt":"2022-04-12T22:10:54","slug":"works","status":"publish","type":"page","link":"https:\/\/bambiniaz.de\/?page_id=23","title":{"rendered":"Der Service"},"content":{"rendered":"\n<div style=\"height:20px\" aria-hidden=\"true\" class=\"wp-block-spacer\"><\/div>\n\n\n\n<p class=\"has-medium-font-size\" style=\"font-style:normal;font-weight:300;text-transform:uppercase\">Geburtstagst\u00fcten<\/p>\n\n\n\n<div style=\"height:20px\" aria-hidden=\"true\" class=\"wp-block-spacer\"><\/div>\n\n\n\n<div class=\"wp-block-columns\">\n<div class=\"wp-block-column is-vertically-aligned-center\">\n<p style=\"font-size:16px;font-style:normal;font-weight:200\">F\u00fcr besondere Anl\u00e4sse wie Geburt, Kommunion, Taufe oder Kindergeburtstag k\u00f6nnen in unserem Laden pers\u00f6nliche T\u00fcten ganz individuell bef\u00fcllt werden.<\/p>\n<\/div>\n\n\n\n<div class=\"wp-block-column\">\n<figure class=\"wp-block-image size-full is-style-default\"><img loading=\"lazy\" width=\"454\" height=\"340\" src=\"https:\/\/bambiniaz.de\/wp-content\/uploads\/2015\/04\/Geburtstagst\u00fcten.jpg\" alt=\"\" class=\"wp-image-310\" srcset=\"https:\/\/bambiniaz.de\/wp-content\/uploads\/2015\/04\/Geburtstagst\u00fcten.jpg 454w, https:\/\/bambiniaz.de\/wp-content\/uploads\/2015\/04\/Geburtstagst\u00fcten-300x225.jpg 300w, https:\/\/bambiniaz.de\/wp-content\/uploads\/2015\/04\/Geburtstagst\u00fcten-195x146.jpg 195w, https:\/\/bambiniaz.de\/wp-content\/uploads\/2015\/04\/Geburtstagst\u00fcten-50x37.jpg 50w, https:\/\/bambiniaz.de\/wp-content\/uploads\/2015\/04\/Geburtstagst\u00fcten-100x75.jpg 100w\" sizes=\"(max-width: 454px) 100vw, 454px\" \/><\/figure>\n<\/div>\n<\/div>\n\n\n\n<div style=\"height:50px\" aria-hidden=\"true\" class=\"wp-block-spacer\"><\/div>\n\n\n\n<p class=\"has-medium-font-size\" style=\"font-style:normal;font-weight:300;text-transform:uppercase\">Gutscheine<\/p>\n\n\n\n<div style=\"height:20px\" aria-hidden=\"true\" class=\"wp-block-spacer\"><\/div>\n\n\n\n<div class=\"wp-block-columns\">\n<div class=\"wp-block-column\">\n<figure class=\"wp-block-image size-full is-style-default\"><img loading=\"lazy\" width=\"700\" height=\"322\" src=\"https:\/\/bambiniaz.de\/wp-content\/uploads\/2022\/04\/gutschein-2-2020_03_31-10_19_43-UTC.png\" alt=\"\" class=\"wp-image-399\" srcset=\"https:\/\/bambiniaz.de\/wp-content\/uploads\/2022\/04\/gutschein-2-2020_03_31-10_19_43-UTC.png 700w, https:\/\/bambiniaz.de\/wp-content\/uploads\/2022\/04\/gutschein-2-2020_03_31-10_19_43-UTC-300x138.png 300w\" sizes=\"(max-width: 700px) 100vw, 700px\" \/><\/figure>\n<\/div>\n\n\n\n<div class=\"wp-block-column is-vertically-aligned-center\">\n<p class=\"has-text-align-left\" style=\"font-size:16px;font-style:normal;font-weight:200\">Du m\u00f6chtest jemandem eine Freude machen, wei\u00dft aber nicht so recht was? <\/p>\n\n\n\n<p class=\"has-text-align-left\" style=\"font-size:16px;font-style:normal;font-weight:200\">Dann ist ein Gutschein eine tolle L\u00f6sung.<\/p>\n<\/div>\n<\/div>\n\n\n\n<p style=\"font-size:16px;font-style:normal;font-weight:200\">Viel Freude beim Verschenken!<\/p>\n","protected":false},"excerpt":{"rendered":"<p>Geburtstagst\u00fcten F\u00fcr besondere Anl\u00e4sse wie Geburt, Kommunion, Taufe oder Kindergeburtstag k\u00f6nnen in unserem Laden pers\u00f6nliche T\u00fcten ganz individuell bef\u00fcllt werden. Gutscheine Du m\u00f6chtest jemandem eine Freude machen, wei\u00dft aber nicht so recht was? Dann ist ein Gutschein eine tolle L\u00f6sung. Viel Freude beim Verschenken!<\/p>\n","protected":false},"author":1,"featured_media":0,"parent":0,"menu_order":0,"comment_status":"closed","ping_status":"closed","template":"template-full.php","meta":[],"_links":{"self":[{"href":"https:\/\/bambiniaz.de\/index.php?rest_route=\/wp\/v2\/pages\/23"}],"collection":[{"href":"https:\/\/bambiniaz.de\/index.php?rest_route=\/wp\/v2\/pages"}],"about":[{"href":"https:\/\/bambiniaz.de\/index.php?rest_route=\/wp\/v2\/types\/page"}],"author":[{"embeddable":true,"href":"https:\/\/bambiniaz.de\/index.php?rest_route=\/wp\/v2\/users\/1"}],"replies":[{"embeddable":true,"href":"https:\/\/bambiniaz.de\/index.php?rest_route=%2Fwp%2Fv2%2Fcomments&post=23"}],"version-history":[{"count":14,"href":"https:\/\/bambiniaz.de\/index.php?rest_route=\/wp\/v2\/pages\/23\/revisions"}],"predecessor-version":[{"id":523,"href":"https:\/\/bambiniaz.de\/index.php?rest_route=\/wp\/v2\/pages\/23\/revisions\/523"}],"wp:attachment":[{"href":"https:\/\/bambiniaz.de\/index.php?rest_route=%2Fwp%2Fv2%2Fmedia&parent=23"}],"curies":[{"name":"wp","href":"https:\/\/api.w.org\/{rel}","templated":true}]}}