{"id":143,"date":"2017-02-23T21:34:56","date_gmt":"2017-02-23T20:34:56","guid":{"rendered":"http:\/\/bambiniaz.de\/?page_id=143"},"modified":"2022-04-12T22:58:18","modified_gmt":"2022-04-12T21:58:18","slug":"impressum","status":"publish","type":"page","link":"https:\/\/bambiniaz.de\/?page_id=143","title":{"rendered":"Impressum"},"content":{"rendered":"\n<div style=\"height:20px\" aria-hidden=\"true\" class=\"wp-block-spacer\"><\/div>\n\n\n\n<p style=\"font-size:16px;font-style:normal;font-weight:300;text-transform:uppercase\">Adresse:<\/p>\n\n\n\n<p style=\"font-size:16px;font-style:normal;font-weight:200;text-transform:capitalize\">Bambini<\/p>\n\n\n\n<p style=\"font-size:16px;font-style:normal;font-weight:200;text-transform:capitalize\">Winkelg\u00e4\u00dfchen 2<\/p>\n\n\n\n<p style=\"font-size:16px;font-style:normal;font-weight:200;text-transform:capitalize\">55232 Alzey<\/p>\n\n\n\n<p style=\"font-size:16px;font-style:normal;font-weight:200\">Deutschland<\/p>\n\n\n\n<div style=\"height:20px\" aria-hidden=\"true\" class=\"wp-block-spacer\"><\/div>\n\n\n\n<p style=\"font-size:16px;font-style:normal;font-weight:200;text-transform:capitalize\">Telefon: 06731 \/ 9 77 88<\/p>\n\n\n\n<p style=\"font-size:16px;font-style:normal;font-weight:200\">E-Mail: bambiniaz@gmx.de<\/p>\n\n\n\n<div style=\"height:20px\" aria-hidden=\"true\" class=\"wp-block-spacer\"><\/div>\n\n\n\n<p style=\"font-size:16px;font-style:normal;font-weight:200\">Umsatzsteuer-Identifikationsnummer: DE 309263075<\/p>\n\n\n\n<p style=\"font-size:16px;font-style:normal;font-weight:200\">Gesch\u00e4ftsinhaber: Irene Rohsch\u00fcrmann<\/p>\n\n\n\n<div style=\"height:75px\" aria-hidden=\"true\" class=\"wp-block-spacer\"><\/div>\n\n\n\n<p style=\"font-size:16px;font-style:normal;font-weight:200;text-transform:uppercase\"><b>Haftung f\u00fcr Inhalte<\/b><\/p>\n\n\n\n<p style=\"font-size:17px;font-style:normal;font-weight:200\">Als Diensteanbieter sind wir gem\u00e4\u00df \u00a7 7 Abs.1 TMG f\u00fcr eigene Inhalte auf diesen Seiten nach den allgemeinen Gesetzen verantwortlich. Nach \u00a7\u00a7 8 bis 10 TMG sind wir als Diensteanbieter jedoch nicht verpflichtet, \u00fcbermittelte oder gespeicherte fremde Informationen zu \u00fcberwachen oder nach Umst\u00e4nden zu forschen, die auf eine rechtswidrige T\u00e4tigkeit hinweisen. Verpflichtungen zur Entfernung oder Sperrung der Nutzung von Informationen nach den allgemeinen Gesetzen bleiben hiervon unber\u00fchrt. Eine diesbez\u00fcgliche Haftung ist jedoch erst ab dem Zeitpunkt der Kenntnis einer konkreten Rechtsverletzung m\u00f6glich. Bei Bekanntwerden von entsprechenden Rechtsverletzungen werden wir diese Inhalte umgehend entfernen.<\/p>\n","protected":false},"excerpt":{"rendered":"<p>Adresse: Bambini Winkelg\u00e4\u00dfchen 2 55232 Alzey Deutschland Telefon: 06731 \/ 9 77 88 E-Mail: bambiniaz@gmx.de Umsatzsteuer-Identifikationsnummer: DE 309263075 Gesch\u00e4ftsinhaber: Irene Rohsch\u00fcrmann Haftung f\u00fcr Inhalte Als Diensteanbieter sind wir gem\u00e4\u00df \u00a7 7 Abs.1 TMG f\u00fcr eigene Inhalte auf diesen Seiten nach den allgemeinen Gesetzen verantwortlich. Nach&nbsp;<a class=\"read-more\" href=\"https:\/\/bambiniaz.de\/?page_id=143\">&hellip;<\/a><\/p>\n","protected":false},"author":1,"featured_media":0,"parent":0,"menu_order":0,"comment_status":"closed","ping_status":"closed","template":"template-full.php","meta":[],"_links":{"self":[{"href":"https:\/\/bambiniaz.de\/index.php?rest_route=\/wp\/v2\/pages\/143"}],"collection":[{"href":"https:\/\/bambiniaz.de\/index.php?rest_route=\/wp\/v2\/pages"}],"about":[{"href":"https:\/\/bambiniaz.de\/index.php?rest_route=\/wp\/v2\/types\/page"}],"author":[{"embeddable":true,"href":"https:\/\/bambiniaz.de\/index.php?rest_route=\/wp\/v2\/users\/1"}],"replies":[{"embeddable":true,"href":"https:\/\/bambiniaz.de\/index.php?rest_route=%2Fwp%2Fv2%2Fcomments&post=143"}],"version-history":[{"count":18,"href":"https:\/\/bambiniaz.de\/index.php?rest_route=\/wp\/v2\/pages\/143\/revisions"}],"predecessor-version":[{"id":509,"href":"https:\/\/bambiniaz.de\/index.php?rest_route=\/wp\/v2\/pages\/143\/revisions\/509"}],"wp:attachment":[{"href":"https:\/\/bambiniaz.de\/index.php?rest_route=%2Fwp%2Fv2%2Fmedia&parent=143"}],"curies":[{"name":"wp","href":"https:\/\/api.w.org\/{rel}","templated":true}]}}